{"id":3,"date":"2023-02-08T19:37:46","date_gmt":"2023-02-08T19:37:46","guid":{"rendered":"http:\/\/osolemio.pt\/?page_id=3"},"modified":"2023-04-19T21:44:17","modified_gmt":"2023-04-19T21:44:17","slug":"privacy-policy","status":"publish","type":"page","link":"https:\/\/osolemio.pt\/it\/privacy-policy\/","title":{"rendered":"Privacy Policy"},"content":{"rendered":"<div data-elementor-type=\"wp-page\" data-elementor-id=\"3\" class=\"elementor elementor-3\">\n\t\t\t\t\t\t\t\t\t<section class=\"elementor-section elementor-top-section elementor-element elementor-element-7cdf7add elementor-section-boxed elementor-section-height-default elementor-section-height-default\" data-id=\"7cdf7add\" data-element_type=\"section\">\n\t\t\t\t\t\t<div class=\"elementor-container elementor-column-gap-default\">\n\t\t\t\t\t<div class=\"elementor-column elementor-col-100 elementor-top-column elementor-element elementor-element-2dfac650\" data-id=\"2dfac650\" data-element_type=\"column\">\n\t\t\t<div class=\"elementor-widget-wrap elementor-element-populated\">\n\t\t\t\t\t\t\t\t<div class=\"elementor-element elementor-element-47a341ac elementor-widget elementor-widget-text-editor\" data-id=\"47a341ac\" data-element_type=\"widget\" data-widget_type=\"text-editor.default\">\n\t\t\t\t<div class=\"elementor-widget-container\">\n\t\t\t<style>\/*! elementor - v3.13.3 - 28-05-2023 *\/\n.elementor-widget-text-editor.elementor-drop-cap-view-stacked .elementor-drop-cap{background-color:#69727d;color:#fff}.elementor-widget-text-editor.elementor-drop-cap-view-framed .elementor-drop-cap{color:#69727d;border:3px solid;background-color:transparent}.elementor-widget-text-editor:not(.elementor-drop-cap-view-default) .elementor-drop-cap{margin-top:8px}.elementor-widget-text-editor:not(.elementor-drop-cap-view-default) .elementor-drop-cap-letter{width:1em;height:1em}.elementor-widget-text-editor .elementor-drop-cap{float:left;text-align:center;line-height:1;font-size:50px}.elementor-widget-text-editor .elementor-drop-cap-letter{display:inline-block}<\/style>\t\t\t\t<!-- wp:heading -->\n<p>A privacidade dos nossos utilizadores \u00e9 importante para n\u00f3s. Esta Pol\u00edtica de Privacidade explica como recolhemos, usamos, divulgamos e protegemos as informa\u00e7\u00f5es pessoais que recolhemos atrav\u00e9s do nosso website, osolemio.pt. Ao aceder e utilizar o nosso website, concorda com esta Pol\u00edtica.<\/p>\n<p>Informa\u00e7\u00f5es Pessoais que Recolhemos<\/p>\n<p>Podemos recolher informa\u00e7\u00f5es pessoais que nos s\u00e3o fornecidas diretamente pelos utilizadores, como nome, endere\u00e7o de e-mail e n\u00famero de telefone. Tamb\u00e9m podemos recolher informa\u00e7\u00f5es de navega\u00e7\u00e3o, incluindo o endere\u00e7o IP, tipo de dispositivo, sistema operativo e informa\u00e7\u00f5es sobre a sua utiliza\u00e7\u00e3o do nosso website.<\/p>\n<p>Como Usamos as Informa\u00e7\u00f5es Pessoais<\/p>\n<p>As informa\u00e7\u00f5es pessoais que recolhemos s\u00e3o utilizadas para fornecer os servi\u00e7os solicitados, enviar comunica\u00e7\u00f5es de marketing e melhorar o desempenho e a seguran\u00e7a do nosso website. Tamb\u00e9m podemos utilizar as informa\u00e7\u00f5es para fins estat\u00edsticos e de an\u00e1lise de dados.<\/p>\n<p>Divulga\u00e7\u00e3o de Informa\u00e7\u00f5es Pessoais<\/p>\n<p>N\u00e3o divulgamos informa\u00e7\u00f5es pessoais a terceiros sem o seu consentimento, exceto quando exigido por lei ou para proteger os nossos direitos legais. Podemos partilhar informa\u00e7\u00f5es com prestadores de servi\u00e7os terceirizados que nos ajudam a fornecer os servi\u00e7os do website, como processamento de pagamentos ou envio de e-mails.<\/p>\n<p>Prote\u00e7\u00e3o de Informa\u00e7\u00f5es Pessoais<\/p>\n<p>Tomamos medidas razo\u00e1veis para proteger as informa\u00e7\u00f5es pessoais que recolhemos, incluindo o uso de medidas de seguran\u00e7a f\u00edsicas, eletr\u00f3nicas e administrativas para proteger contra a perda, uso indevido e acesso n\u00e3o autorizado, divulga\u00e7\u00e3o, altera\u00e7\u00e3o ou destrui\u00e7\u00e3o das informa\u00e7\u00f5es.<\/p>\n<p>Direitos dos Utilizadores<\/p>\n<p>Os utilizadores t\u00eam o direito de aceder, corrigir e excluir as suas informa\u00e7\u00f5es pessoais, bem como de limitar ou opor-se ao processamento das mesmas. Os utilizadores tamb\u00e9m t\u00eam o direito de apresentar uma queixa junto da autoridade supervisora competente.<\/p>\n<p>Altera\u00e7\u00f5es \u00e0 Pol\u00edtica de Privacidade<\/p>\n<p>Podemos atualizar esta Pol\u00edtica de Privacidade periodicamente para refletir altera\u00e7\u00f5es nas nossas pr\u00e1ticas de privacidade. Recomendamos que reveja esta Pol\u00edtica regularmente para se manter informado sobre as nossas pr\u00e1ticas de privacidade mais recentes.<\/p>\n<p>Contacto<\/p>\n<p>Se tiver alguma d\u00favida sobre esta Pol\u00edtica de Privacidade, pode entrar em contacto connosco atrav\u00e9s do nosso endere\u00e7o de e-mail: <a href=\"mailto:info@osolemio.pt\" target=\"_new\">geral@osolemio.pt<\/a>.<\/p>\n<!-- \/wp:paragraph -->\t\t\t\t\t\t<\/div>\n\t\t\t\t<\/div>\n\t\t\t\t\t<\/div>\n\t\t<\/div>\n\t\t\t\t\t\t\t<\/div>\n\t\t<\/section>\n\t\t\t\t\t\t\t<\/div>","protected":false},"excerpt":{"rendered":"<p>A privacidade dos nossos utilizadores \u00e9 importante para n\u00f3s. Esta Pol\u00edtica de Privacidade explica como recolhemos, usamos, divulgamos e protegemos as informa\u00e7\u00f5es pessoais que recolhemos atrav\u00e9s do nosso website, osolemio.pt. Ao aceder e utilizar o nosso website, concorda com esta Pol\u00edtica. Informa\u00e7\u00f5es Pessoais que Recolhemos Podemos recolher informa\u00e7\u00f5es pessoais que nos s\u00e3o fornecidas diretamente pelos [&hellip;]<\/p>","protected":false},"author":1,"featured_media":0,"parent":0,"menu_order":0,"comment_status":"closed","ping_status":"open","template":"","meta":{"om_disable_all_campaigns":false,"_mi_skip_tracking":false,"_monsterinsights_sitenote_active":false,"_monsterinsights_sitenote_note":"","_monsterinsights_sitenote_category":0},"acf":[],"aioseo_notices":[],"_links":{"self":[{"href":"https:\/\/osolemio.pt\/it\/wp-json\/wp\/v2\/pages\/3"}],"collection":[{"href":"https:\/\/osolemio.pt\/it\/wp-json\/wp\/v2\/pages"}],"about":[{"href":"https:\/\/osolemio.pt\/it\/wp-json\/wp\/v2\/types\/page"}],"author":[{"embeddable":true,"href":"https:\/\/osolemio.pt\/it\/wp-json\/wp\/v2\/users\/1"}],"replies":[{"embeddable":true,"href":"https:\/\/osolemio.pt\/it\/wp-json\/wp\/v2\/comments?post=3"}],"version-history":[{"count":6,"href":"https:\/\/osolemio.pt\/it\/wp-json\/wp\/v2\/pages\/3\/revisions"}],"predecessor-version":[{"id":1012,"href":"https:\/\/osolemio.pt\/it\/wp-json\/wp\/v2\/pages\/3\/revisions\/1012"}],"wp:attachment":[{"href":"https:\/\/osolemio.pt\/it\/wp-json\/wp\/v2\/media?parent=3"}],"curies":[{"name":"wp","href":"https:\/\/api.w.org\/{rel}","templated":true}]}}