{"id":999,"date":"2023-04-19T21:40:51","date_gmt":"2023-04-19T21:40:51","guid":{"rendered":"https:\/\/osolemio.pt\/?page_id=999"},"modified":"2023-04-19T21:43:00","modified_gmt":"2023-04-19T21:43:00","slug":"politica-de-cookies","status":"publish","type":"page","link":"https:\/\/osolemio.pt\/it\/politica-de-cookies\/","title":{"rendered":"Gestione dei Cookie"},"content":{"rendered":"<div data-elementor-type=\"wp-page\" data-elementor-id=\"999\" class=\"elementor elementor-999\">\n\t\t\t\t\t\t\t<div class=\"elementor-element elementor-element-ff9ae17 e-con-boxed e-flex e-con\" data-id=\"ff9ae17\" data-element_type=\"container\" data-settings=\"{&quot;content_width&quot;:&quot;boxed&quot;}\">\n\t\t\t\t\t<div class=\"e-con-inner\">\n\t\t\t\t<div class=\"elementor-element elementor-element-f620d5d elementor-widget elementor-widget-text-editor\" data-id=\"f620d5d\" data-element_type=\"widget\" data-widget_type=\"text-editor.default\">\n\t\t\t\t<div class=\"elementor-widget-container\">\n\t\t\t<style>\/*! elementor - v3.13.3 - 28-05-2023 *\/\n.elementor-widget-text-editor.elementor-drop-cap-view-stacked .elementor-drop-cap{background-color:#69727d;color:#fff}.elementor-widget-text-editor.elementor-drop-cap-view-framed .elementor-drop-cap{color:#69727d;border:3px solid;background-color:transparent}.elementor-widget-text-editor:not(.elementor-drop-cap-view-default) .elementor-drop-cap{margin-top:8px}.elementor-widget-text-editor:not(.elementor-drop-cap-view-default) .elementor-drop-cap-letter{width:1em;height:1em}.elementor-widget-text-editor .elementor-drop-cap{float:left;text-align:center;line-height:1;font-size:50px}.elementor-widget-text-editor .elementor-drop-cap-letter{display:inline-block}<\/style>\t\t\t\t<p>Esta Pol\u00edtica de Cookies explica como usamos os cookies e outras tecnologias similares no nosso website, osolemio.pt. Ao aceder e utilizar o nosso website, concorda com o uso de cookies de acordo com esta Pol\u00edtica.<\/p><p>O que s\u00e3o Cookies?<\/p><p>Os cookies s\u00e3o pequenos ficheiros de texto que s\u00e3o armazenados no seu dispositivo (computador, tablet, smartphone) quando acede a um website. Os cookies permitem que o website reconhe\u00e7a o seu dispositivo e lembre-se das suas prefer\u00eancias, bem como recolhem informa\u00e7\u00f5es sobre a sua navega\u00e7\u00e3o no website.<\/p><p>Tipos de Cookies Utilizados<\/p><p>Utilizamos os seguintes tipos de cookies no nosso website:<\/p><ol><li>Cookies Essenciais &#8211; S\u00e3o cookies necess\u00e1rios para o funcionamento do website e para lhe permitir navegar e utilizar as funcionalidades do mesmo. Sem estes cookies, n\u00e3o poderemos fornecer-lhe os servi\u00e7os que pretende.<\/li><li>Cookies de Desempenho &#8211; S\u00e3o cookies que recolhem informa\u00e7\u00f5es sobre como os visitantes utilizam o nosso website, incluindo as p\u00e1ginas mais visitadas, o tempo gasto em cada p\u00e1gina e se ocorreram erros. Estes cookies ajudam-nos a melhorar o desempenho do nosso website.<\/li><li>Cookies de Funcionalidade &#8211; S\u00e3o cookies que permitem ao website lembrar-se das suas escolhas (como o seu nome de utilizador, idioma ou regi\u00e3o) e fornecer funcionalidades melhoradas e mais personalizadas.<\/li><li>Cookies de Publicidade &#8211; S\u00e3o cookies utilizados para fornecer an\u00fancios mais relevantes para si e para os seus interesses. Tamb\u00e9m s\u00e3o utilizados para limitar o n\u00famero de vezes que v\u00ea um an\u00fancio e para medir a efic\u00e1cia de campanhas publicit\u00e1rias.<\/li><\/ol><p>\u00a0<\/p><p>Gerir Cookies<\/p><p>Pode gerir as suas prefer\u00eancias de cookies a qualquer momento, alterando as configura\u00e7\u00f5es do seu navegador para aceitar ou recusar determinados tipos de cookies. No entanto, tenha em aten\u00e7\u00e3o que algumas funcionalidades do nosso website podem n\u00e3o funcionar corretamente se desativar os cookies.<\/p><p>Altera\u00e7\u00f5es \u00e0 Pol\u00edtica de Cookies<\/p><p>Podemos atualizar esta Pol\u00edtica de Cookies periodicamente para refletir altera\u00e7\u00f5es nas nossas pr\u00e1ticas de cookies. Recomendamos que reveja esta Pol\u00edtica regularmente para se manter informado sobre as nossas pr\u00e1ticas de cookies mais recentes.<\/p><p>Contacto<\/p><p>Se tiver alguma d\u00favida sobre esta Pol\u00edtica de Cookies, pode entrar em contacto connosco atrav\u00e9s do nosso endere\u00e7o de e-mail: geral@osolemio.pt.<\/p>\t\t\t\t\t\t<\/div>\n\t\t\t\t<\/div>\n\t\t\t\t\t<\/div>\n\t\t\t\t<\/div>\n\t\t\t\t\t\t\t<\/div>","protected":false},"excerpt":{"rendered":"<p>Esta Pol\u00edtica de Cookies explica como usamos os cookies e outras tecnologias similares no nosso website, osolemio.pt. Ao aceder e utilizar o nosso website, concorda com o uso de cookies de acordo com esta Pol\u00edtica. O que s\u00e3o Cookies? Os cookies s\u00e3o pequenos ficheiros de texto que s\u00e3o armazenados no seu dispositivo (computador, tablet, smartphone) [&hellip;]<\/p>","protected":false},"author":1,"featured_media":0,"parent":0,"menu_order":0,"comment_status":"closed","ping_status":"closed","template":"","meta":{"om_disable_all_campaigns":false,"_mi_skip_tracking":false,"_monsterinsights_sitenote_active":false,"_monsterinsights_sitenote_note":"","_monsterinsights_sitenote_category":0},"acf":[],"aioseo_notices":[],"_links":{"self":[{"href":"https:\/\/osolemio.pt\/it\/wp-json\/wp\/v2\/pages\/999"}],"collection":[{"href":"https:\/\/osolemio.pt\/it\/wp-json\/wp\/v2\/pages"}],"about":[{"href":"https:\/\/osolemio.pt\/it\/wp-json\/wp\/v2\/types\/page"}],"author":[{"embeddable":true,"href":"https:\/\/osolemio.pt\/it\/wp-json\/wp\/v2\/users\/1"}],"replies":[{"embeddable":true,"href":"https:\/\/osolemio.pt\/it\/wp-json\/wp\/v2\/comments?post=999"}],"version-history":[{"count":7,"href":"https:\/\/osolemio.pt\/it\/wp-json\/wp\/v2\/pages\/999\/revisions"}],"predecessor-version":[{"id":1006,"href":"https:\/\/osolemio.pt\/it\/wp-json\/wp\/v2\/pages\/999\/revisions\/1006"}],"wp:attachment":[{"href":"https:\/\/osolemio.pt\/it\/wp-json\/wp\/v2\/media?parent=999"}],"curies":[{"name":"wp","href":"https:\/\/api.w.org\/{rel}","templated":true}]}}